{"id":22,"date":"2020-02-21T22:21:22","date_gmt":"2020-02-21T22:21:22","guid":{"rendered":"http:\/\/frozenfire.eu\/?page_id=22"},"modified":"2024-01-31T22:34:05","modified_gmt":"2024-01-31T22:34:05","slug":"pasta-cucina","status":"publish","type":"page","link":"http:\/\/frozenfire.eu\/","title":{"rendered":"Willkommen bei FrozenFire"},"content":{"rendered":"\n<p>Wir freuen uns Euch unsere Seiten pr\u00e4sentieren zu k\u00f6nnen.<\/p>\n\n\n\n<p>Gerne zeigen wir Euch was wir in unseren Foodtrucks kochen.   <\/p>\n\n\n\n<p>2018 hatten wir die Idee uns auf Flohm\u00e4rkten mit Softeis ein kleines Nebengesch\u00e4ft aufzubauen. Nach dem Kauf einer Softeismaschine stellten wir sehr schnell fest das es neben einen Reisegewerbe noch schwerer ist einen Standplatz zu finden. Nach unz\u00e4hligen Bewerbungen entschlossen wir und auf Streetfood zu gehen. Aber nur Softeis mit einer kleinen Maschine??  Ein Wagen und eine Streetfood Idee musste her.  Corndogs und Softeis waren unser erstes Streetfood in Wiesbaden. F\u00fcr Streetfood kreierten wir den Namen FrozenFire. Softeis mit Pommes.  Ein turbulentes Jahr begann. Ein Jahr sp\u00e4ter besinnen wir uns an unsere Wurzeln und Pasta Cucina war geboren. Pasta im Parmesanlaib mit hausgemachten So\u00dfen.  2021 bekamen wir die M\u00f6glichkeit neben div. Stellpl\u00e4tze und Streetfood uns am Surfshop( Kinzigsee Langenselbold) zeitweise zu stellen. Aus Zeitweise wurde ein Jahr sp\u00e4ter ein fester Stellplatz mit Vollimbiss. Auf Streetfood stellten wir uns neben Pasta auch auf frittierten Fisch um. Weihnachten gibt es Crepes und Reibekuchen. 2023 erf\u00fcllten wir uns einen Traum. Einen Truck. Mary\u00b4s Reibekuchen und Kaiserschmarrn.  Caterings und Privatevents sowie Streetfood und Gro\u00dfevents sind unsere Leidenschaft geworden.                                                  Viel Spa\u00df auf unseren Seiten !                                                                               F\u00fcr Buchungen. 015231075011 oder info@pasta-cucina.de<\/p>\n\n\n\n<p><strong>Ihr findet uns auch in:&nbsp;&nbsp;&nbsp;&nbsp;&nbsp;<\/strong><\/p>\n\n\n\n<p>Facebook:   FrozenFire<strong>&nbsp; <\/strong>&nbsp;&nbsp;&nbsp;&nbsp;&nbsp;&nbsp;Instagram:&nbsp;&nbsp;frozenfiretruck    \/   marys_reibekuchen_ <\/p>\n\n\n\n<p>        Homepage:&nbsp;&nbsp;<a href=\"http:\/\/www.pasta-cucina.de\">www.pasta-cucina.de<\/a><\/p>\n\n\n\n<p><\/p>\n","protected":false},"excerpt":{"rendered":"<p>Wir freuen uns Euch unsere Seiten pr\u00e4sentieren zu k\u00f6nnen. Gerne zeigen wir Euch was wir in unseren Foodtrucks kochen. 2018 hatten wir die Idee uns auf Flohm\u00e4rkten mit Softeis ein kleines Nebengesch\u00e4ft aufzubauen. Nach dem Kauf einer Softeismaschine stellten wir sehr schnell fest das es neben einen Reisegewerbe noch schwerer ist einen Standplatz zu finden. &hellip; <\/p>\n<p class=\"link-more\"><a href=\"http:\/\/frozenfire.eu\/\" class=\"more-link\"><span class=\"screen-reader-text\">\u201eWillkommen bei FrozenFire\u201c<\/span> weiterlesen<\/a><\/p>\n","protected":false},"author":1,"featured_media":0,"parent":0,"menu_order":0,"comment_status":"closed","ping_status":"closed","template":"","meta":{"footnotes":""},"class_list":["post-22","page","type-page","status-publish","hentry"],"_links":{"self":[{"href":"http:\/\/frozenfire.eu\/index.php?rest_route=\/wp\/v2\/pages\/22"}],"collection":[{"href":"http:\/\/frozenfire.eu\/index.php?rest_route=\/wp\/v2\/pages"}],"about":[{"href":"http:\/\/frozenfire.eu\/index.php?rest_route=\/wp\/v2\/types\/page"}],"author":[{"embeddable":true,"href":"http:\/\/frozenfire.eu\/index.php?rest_route=\/wp\/v2\/users\/1"}],"replies":[{"embeddable":true,"href":"http:\/\/frozenfire.eu\/index.php?rest_route=%2Fwp%2Fv2%2Fcomments&post=22"}],"version-history":[{"count":10,"href":"http:\/\/frozenfire.eu\/index.php?rest_route=\/wp\/v2\/pages\/22\/revisions"}],"predecessor-version":[{"id":436,"href":"http:\/\/frozenfire.eu\/index.php?rest_route=\/wp\/v2\/pages\/22\/revisions\/436"}],"wp:attachment":[{"href":"http:\/\/frozenfire.eu\/index.php?rest_route=%2Fwp%2Fv2%2Fmedia&parent=22"}],"curies":[{"name":"wp","href":"https:\/\/api.w.org\/{rel}","templated":true}]}}